{"id":227770,"date":"2019-03-13T11:46:45","date_gmt":"2019-03-13T14:46:45","guid":{"rendered":"http:\/\/elevecertificacion.cl\/?page_id=227770"},"modified":"2021-10-07T23:18:41","modified_gmt":"2021-10-08T02:18:41","slug":"nuestras-politicas","status":"publish","type":"page","link":"https:\/\/elevecertificacion.cl\/index.php\/nuestras-politicas\/","title":{"rendered":"NUESTRAS POL\u00cdTICAS"},"content":{"rendered":"<p>[et_pb_section fb_built=\u00bb1&#8243; custom_padding_last_edited=\u00bbon|desktop\u00bb admin_label=\u00bbMultipurpose Homepage &#8211; Header &#8211; BG Image 1900&#215;1160 Pixels\u00bb module_class=\u00bbmultipurpose-homepage-header\u00bb _builder_version=\u00bb3.19.7&#8243; background_image=\u00bbhttps:\/\/elevecertificacion.cl\/wp-content\/uploads\/2019\/03\/informacinsitioweb_elevcertificacinspa.jpg\u00bb custom_padding=\u00bb29px||0||false|false\u00bb custom_padding_tablet=\u00bb6vw||6vw|\u00bb custom_padding_phone=\u00bb8vw||8vw|\u00bb][et_pb_row custom_padding=\u00bb25px|0px|27px|0px|false|false\u00bb parallax_method_1=\u00bboff\u00bb parallax_method_2=\u00bboff\u00bb admin_label=\u00bbRow &#8211; 7-9 Header Divi Layout Kit\u00bb _builder_version=\u00bb3.0.73&#8243; background_size=\u00bbinitial\u00bb background_position=\u00bbtop_left\u00bb background_repeat=\u00bbrepeat\u00bb][et_pb_column type=\u00bb4_4&#8243; _builder_version=\u00bb3.0.47&#8243; parallax=\u00bboff\u00bb parallax_method=\u00bboff\u00bb][et_pb_cta title=\u00bbNUESTRAS POL\u00cdTICAS\u00bb admin_label=\u00bbMultipurpose Homepage &#8211; Header\u00bb _builder_version=\u00bb3.19.7&#8243; header_font=\u00bbPlayfair Display|700|||||||\u00bb header_text_align=\u00bbcenter\u00bb header_text_color=\u00bb#ffffff\u00bb header_font_size=\u00bb60px\u00bb header_font_size_tablet=\u00bb40&#8243; header_font_size_phone=\u00bb30&#8243; header_font_size_last_edited=\u00bbon|desktop\u00bb header_line_height=\u00bb1.2em\u00bb header_text_shadow_style=\u00bbpreset2&#8243; body_font=\u00bbLato|700|||||||\u00bb body_text_align=\u00bbcenter\u00bb body_text_color=\u00bb#ffffff\u00bb body_font_size=\u00bb30&#8243; body_font_size_tablet=\u00bb25&#8243; body_font_size_phone=\u00bb20&#8243; body_font_size_last_edited=\u00bbon|desktop\u00bb body_text_shadow_style=\u00bbpreset2&#8243; use_background_color=\u00bboff\u00bb background_size=\u00bbinitial\u00bb background_position=\u00bbtop_left\u00bb background_repeat=\u00bbrepeat\u00bb custom_padding_last_edited=\u00bbon|desktop\u00bb custom_css_promo_description=\u00bbline-height: 120% !important;\u00bb custom_css_promo_title=\u00bb line-height: 93%;|| padding-bottom: 35px;\u00bb button_text_size__hover_enabled=\u00bboff\u00bb button_one_text_size__hover_enabled=\u00bboff\u00bb button_two_text_size__hover_enabled=\u00bboff\u00bb button_text_color__hover_enabled=\u00bboff\u00bb button_one_text_color__hover_enabled=\u00bboff\u00bb button_two_text_color__hover_enabled=\u00bboff\u00bb button_border_width__hover_enabled=\u00bboff\u00bb button_one_border_width__hover_enabled=\u00bboff\u00bb button_two_border_width__hover_enabled=\u00bboff\u00bb button_border_color__hover_enabled=\u00bboff\u00bb button_one_border_color__hover_enabled=\u00bboff\u00bb button_two_border_color__hover_enabled=\u00bboff\u00bb button_border_radius__hover_enabled=\u00bboff\u00bb button_one_border_radius__hover_enabled=\u00bboff\u00bb button_two_border_radius__hover_enabled=\u00bboff\u00bb button_letter_spacing__hover_enabled=\u00bboff\u00bb button_one_letter_spacing__hover_enabled=\u00bboff\u00bb button_two_letter_spacing__hover_enabled=\u00bboff\u00bb button_bg_color__hover_enabled=\u00bboff\u00bb button_one_bg_color__hover_enabled=\u00bboff\u00bb button_two_bg_color__hover_enabled=\u00bboff\u00bb][\/et_pb_cta][et_pb_image src=\u00bbhttps:\/\/demo.divi-den.com\/wp-content\/uploads\/2017\/03\/arrow.png\u00bb url=\u00bb#welcome\u00bb align=\u00bbcenter\u00bb admin_label=\u00bbMultipurpose Homepage &#8211; Arrow Down Image 49&#215;49 px\u00bb _builder_version=\u00bb3.3.1&#8243; custom_margin=\u00bb1.3vw|||\u00bb custom_css_main_element=\u00bbheight: auto !important;|| background-image: none !important;\u00bb animation=\u00bboff\u00bb]<\/p>\n<p>\u00a0<\/p>\n<p>[\/et_pb_image][\/et_pb_column][\/et_pb_row][\/et_pb_section][et_pb_section fb_built=\u00bb1&#8243; admin_label=\u00bbMultipurpose Homepage &#8211; Welcome Content\u00bb module_class=\u00bbcontent7&#8243; _builder_version=\u00bb3.3.1&#8243; custom_padding=\u00bb0|0px|71px|0px|false|false\u00bb transparent_background=\u00bboff\u00bb][et_pb_row custom_padding=\u00bb||2px|\u00bb parallax_method_1=\u00bboff\u00bb admin_label=\u00bbRow &#8211; 7-14 Content Divi Layout Kit\u00bb module_id=\u00bbwelcome\u00bb _builder_version=\u00bb3.3.1&#8243; background_size=\u00bbinitial\u00bb background_position=\u00bbtop_left\u00bb background_repeat=\u00bbrepeat\u00bb][et_pb_column type=\u00bb4_4&#8243; _builder_version=\u00bb3.0.47&#8243; parallax=\u00bboff\u00bb parallax_method=\u00bboff\u00bb][et_pb_cta admin_label=\u00bbMultipurpose Homepage &#8211; Welcome\u00bb _builder_version=\u00bb3.19.7&#8243; header_font=\u00bbLato|700|||||||\u00bb header_text_color=\u00bb#3b3b3b\u00bb header_font_size=\u00bb30&#8243; use_background_color=\u00bboff\u00bb background_size=\u00bbinitial\u00bb background_position=\u00bbtop_left\u00bb background_repeat=\u00bbrepeat\u00bb custom_margin=\u00bb||0px|\u00bb custom_css_promo_title=\u00bb padding-bottom: 4px;\u00bb button_text_size__hover_enabled=\u00bboff\u00bb button_one_text_size__hover_enabled=\u00bboff\u00bb button_two_text_size__hover_enabled=\u00bboff\u00bb button_text_color__hover_enabled=\u00bboff\u00bb button_one_text_color__hover_enabled=\u00bboff\u00bb button_two_text_color__hover_enabled=\u00bboff\u00bb button_border_width__hover_enabled=\u00bboff\u00bb button_one_border_width__hover_enabled=\u00bboff\u00bb button_two_border_width__hover_enabled=\u00bboff\u00bb button_border_color__hover_enabled=\u00bboff\u00bb button_one_border_color__hover_enabled=\u00bboff\u00bb button_two_border_color__hover_enabled=\u00bboff\u00bb button_border_radius__hover_enabled=\u00bboff\u00bb button_one_border_radius__hover_enabled=\u00bboff\u00bb button_two_border_radius__hover_enabled=\u00bboff\u00bb button_letter_spacing__hover_enabled=\u00bboff\u00bb button_one_letter_spacing__hover_enabled=\u00bboff\u00bb button_two_letter_spacing__hover_enabled=\u00bboff\u00bb button_bg_color__hover_enabled=\u00bboff\u00bb button_one_bg_color__hover_enabled=\u00bboff\u00bb button_two_bg_color__hover_enabled=\u00bboff\u00bb][\/et_pb_cta][et_pb_cta admin_label=\u00bbMultipurpose Homepage &#8211; Header\u00bb _builder_version=\u00bb3.19.7&#8243; header_font=\u00bbPlayfair Display|700|||||||\u00bb header_text_color=\u00bb#3b3b3b\u00bb header_font_size=\u00bb60&#8243; header_font_size_tablet=\u00bb30&#8243; header_font_size_last_edited=\u00bbon|desktop\u00bb body_font=\u00bbLato|700|||||||\u00bb body_text_color=\u00bb#3b3b3b\u00bb body_font_size=\u00bb18&#8243; use_background_color=\u00bboff\u00bb background_size=\u00bbinitial\u00bb background_position=\u00bbtop_left\u00bb background_repeat=\u00bbrepeat\u00bb custom_css_promo_description=\u00bbline-height: 140%;\u00bb custom_css_promo_title=\u00bb line-height: 116%;|| max-width: 880px;|| margin: 0 auto;|| padding-bottom: 45px;\u00bb button_text_size__hover_enabled=\u00bboff\u00bb button_one_text_size__hover_enabled=\u00bboff\u00bb button_two_text_size__hover_enabled=\u00bboff\u00bb button_text_color__hover_enabled=\u00bboff\u00bb button_one_text_color__hover_enabled=\u00bboff\u00bb button_two_text_color__hover_enabled=\u00bboff\u00bb button_border_width__hover_enabled=\u00bboff\u00bb button_one_border_width__hover_enabled=\u00bboff\u00bb button_two_border_width__hover_enabled=\u00bboff\u00bb button_border_color__hover_enabled=\u00bboff\u00bb button_one_border_color__hover_enabled=\u00bboff\u00bb button_two_border_color__hover_enabled=\u00bboff\u00bb button_border_radius__hover_enabled=\u00bboff\u00bb button_one_border_radius__hover_enabled=\u00bboff\u00bb button_two_border_radius__hover_enabled=\u00bboff\u00bb button_letter_spacing__hover_enabled=\u00bboff\u00bb button_one_letter_spacing__hover_enabled=\u00bboff\u00bb button_two_letter_spacing__hover_enabled=\u00bboff\u00bb button_bg_color__hover_enabled=\u00bboff\u00bb button_one_bg_color__hover_enabled=\u00bboff\u00bb button_two_bg_color__hover_enabled=\u00bboff\u00bb]<\/p>\n<p><span>A continuaci\u00f3n, le presentamos nuestras pol\u00edticas referentes a los servicios de certificaci\u00f3n que prestamos para sistemas de transporte vertical:<\/span><\/p>\n<p>[\/et_pb_cta][\/et_pb_column][\/et_pb_row][et_pb_row _builder_version=\u00bb3.19.7&#8243;][et_pb_column type=\u00bb1_3&#8243; _builder_version=\u00bb3.19.7&#8243; parallax=\u00bboff\u00bb parallax_method=\u00bbon\u00bb][et_pb_blurb title=\u00bbPOL\u00cdTICA DE INDEPENDENCIA E IMPARCIALIDAD\u00bb use_icon=\u00bbon\u00bb font_icon=\u00bb%%258%%\u00bb icon_color=\u00bb#1e5eaa\u00bb _builder_version=\u00bb3.19.7&#8243; header_font=\u00bb||||||||\u00bb header_text_color=\u00bb#1e5eaa\u00bb text_orientation=\u00bbjustified\u00bb animation_style=\u00bbslide\u00bb animation_direction=\u00bbbottom\u00bb]<\/p>\n<p><strong><span>ELEV\u00c9 CERTIFICACI\u00d3N SPA<\/span><\/strong> <span>es un organismo de inspecci\u00f3n, el cual se compromete a mantener su independencia y as\u00ed garantizar que s\u00f3lo se dedica a la prestaci\u00f3n del servicio de Inspecci\u00f3n de equipos de sistemas de transporte vertical obligatoria. En el que deber\u00e1 revisar peri\u00f3dicamente los sistemas de transporte vertical en edificaciones, tales como ascensores, escaleras mec\u00e1nicas, rampas el\u00e9ctricas y plataformas elevadoras que est\u00e9n al servicio p\u00fablico y privado en el pa\u00eds. Del mismo modo, se compromete a analizar y dar tratamiento a cualquier tipo de actividad econ\u00f3mica para garantizar que esta no ponga en riesgo la independencia e imparcialidad de la organizaci\u00f3n.<\/span><\/p>\n<p>[\/et_pb_blurb][\/et_pb_column][et_pb_column type=\u00bb1_3&#8243; _builder_version=\u00bb3.19.7&#8243; parallax=\u00bboff\u00bb parallax_method=\u00bbon\u00bb][et_pb_blurb title=\u00bbPOL\u00cdTICA DE CALIDAD\u00bb use_icon=\u00bbon\u00bb font_icon=\u00bb%%171%%\u00bb icon_color=\u00bb#1e5eaa\u00bb _builder_version=\u00bb3.19.7&#8243; header_font=\u00bb||||||||\u00bb header_text_align=\u00bbjustify\u00bb header_text_color=\u00bb#1e5eaa\u00bb body_font=\u00bb||||||||\u00bb body_text_align=\u00bbjustify\u00bb text_orientation=\u00bbcenter\u00bb animation_style=\u00bbslide\u00bb animation_direction=\u00bbbottom\u00bb]<\/p>\n<p>La Pol\u00edtica de la Calidad definida por la Gerencia General de Elev\u00e9 Certificaci\u00f3n SpA., para sus Servicios de Inspecci\u00f3n T\u00e9cnica de Comercializaci\u00f3n y prestaci\u00f3n del servicio de Inspecci\u00f3n de transporte vertical, tales como ascensores y escaleras mec\u00e1nicas, de acuerdo con el Decreto Supremo N\u00b053 (V. y U.) de a\u00f1o 2019 del MINVU, est\u00e1 soportada en los siguientes pilares, mediante la norma ISO 9001:2015:<br \/>&#8211; Ofrecer un servicio con orientaci\u00f3n al cliente, velando por su satisfacci\u00f3n.<br \/>&#8211; Mejorar continuamente nuestros procesos, para lograr mayores est\u00e1ndares de calidad.<br \/>&#8211; Desarrollar las competencias de todos nuestros colaboradores, mediante la gesti\u00f3n de competencias.<br \/>&#8211; Cumplir todos los requisitos legales y reglamentarios aplicables, incluyendo aquellos requerimientos contractuales de nuestros clientes y aquellos normativos derivados de nuestras operaciones.<br \/>&#8211; Garantizar la Confidencialidad de la informaci\u00f3n obtenida en todos nuestros procesos, especialmente en aquellos relacionados con el cliente.<br \/>&#8211; Velar constantemente por la Imparcialidad de nuestros servicios.<\/p>\n<p>[\/et_pb_blurb][\/et_pb_column][et_pb_column type=\u00bb1_3&#8243; _builder_version=\u00bb3.19.7&#8243; parallax=\u00bboff\u00bb parallax_method=\u00bbon\u00bb][et_pb_blurb title=\u00bbPOL\u00cdTICA DE CONFIDENCIALIDAD\u00bb use_icon=\u00bbon\u00bb font_icon=\u00bb%%228%%\u00bb icon_color=\u00bb#1e5eaa\u00bb _builder_version=\u00bb3.19.7&#8243; header_font=\u00bb||||||||\u00bb header_text_color=\u00bb#1e5eaa\u00bb text_orientation=\u00bbjustified\u00bb animation_style=\u00bbslide\u00bb animation_direction=\u00bbbottom\u00bb]<\/p>\n<p><span>La alta direcci\u00f3n y todo el personal de n\u00f3mina, subcontratado y proveedores de <strong>ELEV\u00c9 CERTIFICACI\u00d3N SPA<\/strong> que tengan acceso a informaci\u00f3n relacionada con la prestaci\u00f3n del servicio nunca divulgar\u00e1n informaci\u00f3n obtenida o generada en el curso de sus actividades de inspecci\u00f3n, siempre que \u00e9sta no sea de dominio p\u00fablico, excepto si se usa como respuesta a una solicitud v\u00e1lida incluida en una citaci\u00f3n legal, orden judicial, o en caso de ser requerida por la legislaci\u00f3n pertinente o por cualquier autoridad judicial, legislativa o normativa. Sin embargo, <strong>ELEV\u00c9 CERTIFICACI\u00d3N SPA<\/strong> se reserva el derecho de utilizar esa informaci\u00f3n para efectos de notificaci\u00f3n de vencimientos del certificado y prestaci\u00f3n de sus servicios.<\/span><\/p>\n<p>[\/et_pb_blurb][\/et_pb_column][\/et_pb_row][\/et_pb_section][et_pb_section fb_built=\u00bb1&#8243; custom_padding_last_edited=\u00bbon|desktop\u00bb admin_label=\u00bbMultipurpose Homepage &#8211; Footer\u00bb module_class=\u00bbmultipurpose-homepage-footer\u00bb _builder_version=\u00bb3.3.1&#8243; background_color=\u00bb#2b2b33&#8243; custom_padding=\u00bb0||0||false|false\u00bb custom_padding_tablet=\u00bb6vw||6vw|\u00bb custom_padding_phone=\u00bb8vw||8vw|\u00bb global_module=\u00bb227834&#8243; saved_tabs=\u00bball\u00bb][et_pb_row custom_padding=\u00bb0px||0px|\u00bb parallax_method_1=\u00bboff\u00bb custom_css_main_1=\u00bbmargin-bottom: 0 !important;\u00bb admin_label=\u00bbRow &#8211; 1-7 Footer Divi Layout Kit\u00bb _builder_version=\u00bb3.0.73&#8243; background_size=\u00bbinitial\u00bb background_position=\u00bbtop_left\u00bb background_repeat=\u00bbrepeat\u00bb][et_pb_column type=\u00bb4_4&#8243; _builder_version=\u00bb3.0.47&#8243; parallax=\u00bboff\u00bb parallax_method=\u00bboff\u00bb custom_css_main=\u00bbmargin-bottom: 0 !important;\u00bb][et_pb_cta title=\u00bbCONT\u00c1CTESE CON NOSOTROS\u00bb admin_label=\u00bbMultipurpose Homepage &#8211; Footer &#8211; Let\u2019s connect\u00bb _builder_version=\u00bb3.19.7&#8243; header_font=\u00bbOpen Sans|on||on|\u00bb header_font_size=\u00bb28&#8243; body_font=\u00bbOpen Sans||||\u00bb body_font_size=\u00bb18&#8243; use_background_color=\u00bboff\u00bb background_size=\u00bbinitial\u00bb background_position=\u00bbtop_left\u00bb background_repeat=\u00bbrepeat\u00bb custom_padding=\u00bb42px||\u00bb custom_css_promo_description=\u00bb padding-bottom: 26px;\u00bb custom_css_promo_title=\u00bb padding-bottom: 32px;\u00bb button_text_size__hover_enabled=\u00bboff\u00bb button_one_text_size__hover_enabled=\u00bboff\u00bb button_two_text_size__hover_enabled=\u00bboff\u00bb button_text_color__hover_enabled=\u00bboff\u00bb button_one_text_color__hover_enabled=\u00bboff\u00bb button_two_text_color__hover_enabled=\u00bboff\u00bb button_border_width__hover_enabled=\u00bboff\u00bb button_one_border_width__hover_enabled=\u00bboff\u00bb button_two_border_width__hover_enabled=\u00bboff\u00bb button_border_color__hover_enabled=\u00bboff\u00bb button_one_border_color__hover_enabled=\u00bboff\u00bb button_two_border_color__hover_enabled=\u00bboff\u00bb button_border_radius__hover_enabled=\u00bboff\u00bb button_one_border_radius__hover_enabled=\u00bboff\u00bb button_two_border_radius__hover_enabled=\u00bboff\u00bb button_letter_spacing__hover_enabled=\u00bboff\u00bb button_one_letter_spacing__hover_enabled=\u00bboff\u00bb button_two_letter_spacing__hover_enabled=\u00bboff\u00bb button_bg_color__hover_enabled=\u00bboff\u00bb button_one_bg_color__hover_enabled=\u00bboff\u00bb button_two_bg_color__hover_enabled=\u00bboff\u00bb][\/et_pb_cta][\/et_pb_column][\/et_pb_row][et_pb_row custom_padding=\u00bb0||3.6vw||false|false\u00bb custom_padding_tablet=\u00bb||5vw|\u00bb custom_padding_phone=\u00bb||7vw|\u00bb custom_padding_last_edited=\u00bbon|phone\u00bb parallax_method_1=\u00bboff\u00bb parallax_method_2=\u00bboff\u00bb parallax_method_3=\u00bboff\u00bb parallax_method_4=\u00bboff\u00bb admin_label=\u00bbRow &#8211; 1-7 Footer Divi Layout Kit\u00bb _builder_version=\u00bb3.12.1&#8243; background_size=\u00bbinitial\u00bb background_position=\u00bbtop_left\u00bb background_repeat=\u00bbrepeat\u00bb custom_css_main_element=\u00bbborder-bottom: 1px solid #6f6a6a;\u00bb][et_pb_column type=\u00bb1_4&#8243; _builder_version=\u00bb3.0.47&#8243; parallax=\u00bboff\u00bb parallax_method=\u00bboff\u00bb][et_pb_blurb title=\u00bbCorreo\u00bb url=\u00bb#\u00bb use_icon=\u00bbon\u00bb font_icon=\u00bb%%238%%\u00bb icon_color=\u00bb#ffffff\u00bb use_icon_font_size=\u00bbon\u00bb icon_font_size=\u00bb74px\u00bb admin_label=\u00bbBlurb &#8211; Icon 74&#215;61 Pixels &#8211; General Info\u00bb _builder_version=\u00bb3.19.7&#8243; header_font=\u00bbLato|700|||||||\u00bb header_font_size=\u00bb20px\u00bb body_font=\u00bbOpen Sans||||\u00bb body_font_size=\u00bb16px\u00bb background_size=\u00bbinitial\u00bb background_position=\u00bbtop_left\u00bb background_repeat=\u00bbrepeat\u00bb text_orientation=\u00bbcenter\u00bb background_layout=\u00bbdark\u00bb animation=\u00bboff\u00bb custom_css_blurb_image=\u00bbmargin-bottom: 19px;\u00bb]<\/p>\n<p><a href=\"mailto:contacto@elevecertificacion.cl\" target=\"_blank\" rel=\"noopener noreferrer\">contacto@elevecertificacion.cl<\/a><\/p>\n<p>[\/et_pb_blurb][\/et_pb_column][et_pb_column type=\u00bb1_4&#8243; _builder_version=\u00bb3.0.47&#8243; parallax=\u00bboff\u00bb parallax_method=\u00bboff\u00bb][et_pb_blurb title=\u00bbTel\u00e9fono\u00bb url=\u00bb#\u00bb use_icon=\u00bbon\u00bb font_icon=\u00bb%%264%%\u00bb icon_color=\u00bb#ffffff\u00bb use_icon_font_size=\u00bbon\u00bb icon_font_size=\u00bb64px\u00bb admin_label=\u00bbBlurb &#8211; Icon 74&#215;61 Pixels &#8211; Careers\u00bb _builder_version=\u00bb3.19.7&#8243; header_font=\u00bbLato|700|||||||\u00bb header_font_size=\u00bb20px\u00bb body_font=\u00bbOpen Sans||||\u00bb body_font_size=\u00bb18&#8243; background_size=\u00bbinitial\u00bb background_position=\u00bbtop_left\u00bb background_repeat=\u00bbrepeat\u00bb text_orientation=\u00bbcenter\u00bb background_layout=\u00bbdark\u00bb custom_padding=\u00bb3px||\u00bb animation=\u00bboff\u00bb custom_css_blurb_image=\u00bbmargin-bottom: 19px;\u00bb]<\/p>\n<p><span style=\"color: #ffffff;\"><a style=\"color: #ffffff;\" href=\"mailto:careers@website.com\"><span>+569 8437 0668<br \/>+569 8966 7141 <\/span><\/a><\/span><\/p>\n<p>[\/et_pb_blurb][\/et_pb_column][et_pb_column type=\u00bb1_4&#8243; _builder_version=\u00bb3.0.47&#8243; parallax=\u00bboff\u00bb parallax_method=\u00bboff\u00bb][et_pb_blurb title=\u00bbS\u00edguenos en\u00bb url=\u00bb#\u00bb use_icon=\u00bbon\u00bb font_icon=\u00bb%%365%%\u00bb icon_color=\u00bb#ffffff\u00bb use_icon_font_size=\u00bbon\u00bb icon_font_size=\u00bb64px\u00bb admin_label=\u00bbBlurb &#8211; Icon 74&#215;61 Pixels &#8211; Careers\u00bb _builder_version=\u00bb3.19.7&#8243; header_font=\u00bbLato|700|||||||\u00bb header_font_size=\u00bb20px\u00bb body_font=\u00bbOpen Sans||||\u00bb body_font_size=\u00bb18&#8243; background_size=\u00bbinitial\u00bb background_position=\u00bbtop_left\u00bb background_repeat=\u00bbrepeat\u00bb text_orientation=\u00bbcenter\u00bb background_layout=\u00bbdark\u00bb custom_margin=\u00bb||8px\u00bb custom_padding=\u00bb||0px\u00bb animation=\u00bboff\u00bb custom_css_blurb_image=\u00bbmargin-bottom: 19px;\u00bb][\/et_pb_blurb][et_pb_social_media_follow _builder_version=\u00bb3.19.7&#8243; text_orientation=\u00bbcenter\u00bb][et_pb_social_media_follow_network social_network=\u00bbfacebook\u00bb _builder_version=\u00bb3.19.7&#8243; background_color=\u00bb#3b5998&#8243; follow_button=\u00bboff\u00bb url_new_window=\u00bbon\u00bb]facebook[\/et_pb_social_media_follow_network][et_pb_social_media_follow_network social_network=\u00bbtwitter\u00bb _builder_version=\u00bb3.19.7&#8243; background_color=\u00bb#00aced\u00bb follow_button=\u00bboff\u00bb url_new_window=\u00bbon\u00bb]twitter[\/et_pb_social_media_follow_network][et_pb_social_media_follow_network social_network=\u00bbinstagram\u00bb _builder_version=\u00bb3.19.7&#8243; background_color=\u00bb#ea2c59&#8243; follow_button=\u00bboff\u00bb url_new_window=\u00bbon\u00bb]instagram[\/et_pb_social_media_follow_network][et_pb_social_media_follow_network social_network=\u00bblinkedin\u00bb _builder_version=\u00bb3.19.7&#8243; background_color=\u00bb#007bb6&#8243; follow_button=\u00bboff\u00bb url_new_window=\u00bbon\u00bb]linkedin[\/et_pb_social_media_follow_network][\/et_pb_social_media_follow][\/et_pb_column][et_pb_column type=\u00bb1_4&#8243; _builder_version=\u00bb3.0.47&#8243; parallax=\u00bboff\u00bb parallax_method=\u00bboff\u00bb][et_pb_image src=\u00bbhttps:\/\/elevecertificacion.cl\/wp-content\/uploads\/2019\/04\/Minvu.png\u00bb align=\u00bbcenter\u00bb _builder_version=\u00bb3.19.7&#8243; max_width=\u00bb52%\u00bb module_alignment=\u00bbcenter\u00bb][\/et_pb_image][et_pb_text _builder_version=\u00bb3.19.7&#8243; text_font=\u00bb||||||||\u00bb background_layout=\u00bbdark\u00bb]<\/p>\n<p style=\"text-align: center;\"><strong>Acreditaci\u00f3n MINVU, ROl 13-0250<\/strong><\/p>\n<p>[\/et_pb_text][\/et_pb_column][\/et_pb_row][\/et_pb_section]<\/p>\n","protected":false},"excerpt":{"rendered":"<p>[et_pb_section fb_built=\u00bb1&#8243; custom_padding_last_edited=\u00bbon|desktop\u00bb admin_label=\u00bbMultipurpose Homepage &#8211; Header &#8211; BG Image 1900&#215;1160 Pixels\u00bb module_class=\u00bbmultipurpose-homepage-header\u00bb _builder_version=\u00bb3.19.7&#8243; background_image=\u00bbhttps:\/\/elevecertificacion.cl\/wp-content\/uploads\/2019\/03\/informacinsitioweb_elevcertificacinspa.jpg\u00bb custom_padding=\u00bb29px||0||false|false\u00bb custom_padding_tablet=\u00bb6vw||6vw|\u00bb custom_padding_phone=\u00bb8vw||8vw|\u00bb][et_pb_row custom_padding=\u00bb25px|0px|27px|0px|false|false\u00bb parallax_method_1=\u00bboff\u00bb parallax_method_2=\u00bboff\u00bb admin_label=\u00bbRow &#8211; 7-9 Header Divi Layout Kit\u00bb _builder_version=\u00bb3.0.73&#8243; background_size=\u00bbinitial\u00bb background_position=\u00bbtop_left\u00bb background_repeat=\u00bbrepeat\u00bb][et_pb_column type=\u00bb4_4&#8243; _builder_version=\u00bb3.0.47&#8243; parallax=\u00bboff\u00bb parallax_method=\u00bboff\u00bb][et_pb_cta title=\u00bbNUESTRAS POL\u00cdTICAS\u00bb admin_label=\u00bbMultipurpose Homepage &#8211; Header\u00bb _builder_version=\u00bb3.19.7&#8243; header_font=\u00bbPlayfair Display|700|||||||\u00bb header_text_align=\u00bbcenter\u00bb header_text_color=\u00bb#ffffff\u00bb header_font_size=\u00bb60px\u00bb header_font_size_tablet=\u00bb40&#8243; header_font_size_phone=\u00bb30&#8243; header_font_size_last_edited=\u00bbon|desktop\u00bb header_line_height=\u00bb1.2em\u00bb header_text_shadow_style=\u00bbpreset2&#8243; body_font=\u00bbLato|700|||||||\u00bb body_text_align=\u00bbcenter\u00bb [&hellip;]<\/p>\n","protected":false},"author":1,"featured_media":0,"parent":0,"menu_order":0,"comment_status":"closed","ping_status":"closed","template":"","meta":{"_et_pb_use_builder":"on","_et_pb_old_content":"","footnotes":""},"class_list":["post-227770","page","type-page","status-publish","hentry"],"_links":{"self":[{"href":"https:\/\/elevecertificacion.cl\/index.php\/wp-json\/wp\/v2\/pages\/227770","targetHints":{"allow":["GET"]}}],"collection":[{"href":"https:\/\/elevecertificacion.cl\/index.php\/wp-json\/wp\/v2\/pages"}],"about":[{"href":"https:\/\/elevecertificacion.cl\/index.php\/wp-json\/wp\/v2\/types\/page"}],"author":[{"embeddable":true,"href":"https:\/\/elevecertificacion.cl\/index.php\/wp-json\/wp\/v2\/users\/1"}],"replies":[{"embeddable":true,"href":"https:\/\/elevecertificacion.cl\/index.php\/wp-json\/wp\/v2\/comments?post=227770"}],"version-history":[{"count":6,"href":"https:\/\/elevecertificacion.cl\/index.php\/wp-json\/wp\/v2\/pages\/227770\/revisions"}],"predecessor-version":[{"id":227898,"href":"https:\/\/elevecertificacion.cl\/index.php\/wp-json\/wp\/v2\/pages\/227770\/revisions\/227898"}],"wp:attachment":[{"href":"https:\/\/elevecertificacion.cl\/index.php\/wp-json\/wp\/v2\/media?parent=227770"}],"curies":[{"name":"wp","href":"https:\/\/api.w.org\/{rel}","templated":true}]}}